{"id":1628,"date":"2011-05-31T15:35:34","date_gmt":"2011-05-31T15:35:34","guid":{"rendered":"http:\/\/www.katringlanz.de\/wop\/?page_id=1628"},"modified":"2026-01-09T16:45:29","modified_gmt":"2026-01-09T16:45:29","slug":"bibliographie","status":"publish","type":"page","link":"https:\/\/www.katringlanz.de\/en\/bibliographie\/","title":{"rendered":"Bibliography"},"content":{"rendered":"<p><strong>2025<\/strong><br \/>\n<em>Wenn die Decke einst\u00fcrzt<\/em>, Matthias Reichelt about <em>aus den Fugen<\/em>, Junge Welt 18.11.2025,<br \/>\nNr. 268, page 11 \/ Feuilleton<br \/>\n<strong>2023<\/strong><br \/>\nKatalog zur Ausstellung <em>Worin unsere St\u00e4rke besteht. F\u00fcnfzig K\u00fcnstlerinnen aus der DDR<\/em>,<br \/>\nHg. Kunstraum Kreuzberg\/Bethanien Berlin, ISBN 978-3-95476-566-9, DISTANZ Verlag<br \/>\n<strong>2022<\/strong><br \/>\n<em>Bewegungen ohne Beru\u0308hrung<\/em>, Felicia Raeth, Rheinische Post 30.08.2022<br \/>\n<em>Wandernde Skulptur ueberrascht Passanten,<\/em> Markus Sch\u00f6nherr, Borkener Zeitung 07.08.2022<br \/>\n<em>kunststadt stadtkunst Nr.69<\/em>, Hg: kulturwerk des berufsverbandes bildender ku\u0308nstler*innen berlin GmbH, Titelseite<br \/>\n<em>2052\u2013Kunst zur Klimakatastrophe<\/em>, Katalog zur Ausstellung im Kunstverein am Rosa-Luxemburg-Platz, Berlin und Avtonomi Akadimia, Athen, 2022, Hg. Raimar Stange, Ausstellungsprojekt in Zusammenarbeit mit L40 \u2013 Verein zur F\u00f6rderung von Kunst und Kultur am Rosa-Luxemburg-Platz e.V., Berlin<br \/>\n<strong>2018<\/strong><br \/>\n<em>PLAN 2\\5 im Raster f\u00fcr eine bessere Zukunft \\?<\/em>,<br \/>\nENDMOR\u00c4NE K\u00fcnstlerinnen aus Brandenburg und Berlin e.V., S.21<br \/>\n<em>Mitte in der Pampa<\/em>, AG Kunst im Untergrund, <a href=\"https:\/\/www.ngbk.de\/de\/programm\/kunst-im-untergrund-1958-2018\" target=\"_blank\" rel=\"noopener noreferrer\">nGbK<\/a>, Berlin, S.128-133,<br \/>\nISBN 978-3-938515-73-0<br \/>\nKatalog zur Ausstellung <em> Mess with Your Values.<\/em>, hrsg. von Marius Babias<br \/>\nund Michaela Richter, Berlin: Neuer Berliner Kunstverein,<br \/>\nK\u00f6ln: Buchhandlung Walther K\u00f6nig (n.b.k. Berlin, Bd. 10) S.16f, S.90-95,<br \/>\nISBN 978-3-96098-382-8<br \/>\n<strong>2017<\/strong><br \/>\n<em>In der Blase-Zukunft der \u00d6ffentlichkeit<\/em>, polar 22, Hg. polarkreis e.V.,<br \/>\nText R. Stange, S.131-144,<br \/>\nISBN 978-3-593-50731-6<br \/>\n<strong>2015<\/strong><br \/>\n<em>Zwei Jubil\u00e4en. Ein Ort.<\/em>, Hallo Nachbar GESOBAU AG, S.18f.<br \/>\n<strong>2014<\/strong><br \/>\n<em>Von Dingen und Menschen<\/em>, Die Online-Zeitung aus dem Berliner Osten,<br \/>\nwww.lichtenbergmarzahnplus.de\/von-dingen-und-menschen\/, Kristina Niemann<br \/>\n<strong>2013<\/strong><br \/>\n<em>Bronx vs. Brooklyn<\/em>, Ausstellungsprojekt am Richardplatz,<br \/>\nKunst- und Kulturfestival 48 Stunden Neuk\u00f6lln 2012,<br \/>\nHg. Birgit Anna Schuhmacher u. Eva AM Winnersbach, Berlin, S.8f.<br \/>\n<em>Tempor\u00e4re Kunstprojekte f\u00fcr die Helle Mitte<\/em>, Hg. Bezirksamt Marzahn-Hellersdorf<br \/>\nvon Berlin, S.28<br \/>\n<strong>2012<\/strong><br \/>\n<em>Experimentelle urbane Landschaften<\/em>, K\u00fcnstlerische Aktionen &amp; Positionen<br \/>\nzum 50-j\u00e4hrigen Jubil\u00e4um der Berliner Gropiusstadt, Hg. Kulturnetzwerk Neuk\u00f6lln e.V.,<br \/>\nBerlin, S.6-9<br \/>\n<em>Kulturjournal Kunst im \u00f6ffentlichen Raum Berlin-Lichtenberg<\/em>, Hg. Bezirksamt Lichtenberg<br \/>\nvon Berlin, S.54<br \/>\n<strong>2011<\/strong><br \/>\n<em>Farblos<\/em>, Kunstverein Alte Schule Baruth, ISBN 978-3-938092-05-7, S.16<br \/>\n<strong>2007<\/strong><br \/>\n<em>Pilotprojekt Gropiusstadt<\/em>, Jahrbuch 06, Hg. Schumacher u. Jonas, Berlin, S.30-33<br \/>\n<strong>2006<\/strong><br \/>\n<em> lowglanz<\/em>, K\u00fcnstlerschloss Pl\u00fcschow, S.10-15<br \/>\n<strong>2005<\/strong><br \/>\n<em>Bildhauerinnen<\/em>, K\u00fcnstlergut Pr\u00f6sitz<br \/>\n<strong>2004<\/strong><br \/>\nZeichnungen f\u00fcr das Jahrbuch <em>Sinne<\/em> L&amp;L, Verlag Friedrich, Berlin, S.45-51<br \/>\nIllustrationen im Ausstellungskatalog <em>Im Designerpark\u2013Leben in<br \/>\nk\u00fcnstlichen Welten<\/em>, Institut Mathildenh\u00f6he, Darmstadt<br \/>\n<strong>2003<\/strong><br \/>\n<em>backup\u2013festival. neue medien im film<\/em>, Weimar, S.34<br \/>\n<strong>2002<\/strong><br \/>\n<em>Kunstpreis junger westen skulptur 2001<\/em>, Kunsthalle Recklinghausen, S.24f.<br \/>\n<em>Die Banalit\u00e4t des B\u00f6sen<\/em>, Thomas David, art-Das Kunstmagaazin, 12\/2002<br \/>\n<strong>2001<\/strong><br \/>\nKatalog zur Ausstellung <em>ex machina\u2013\u00fcber die Zersetzung,<br \/>\nder Fotografie<\/em>, nGbK Berlin, S.26f.<br \/>\n<strong>1996<\/strong><br \/>\nKatalog <em>Katrin Glanz<\/em>, Berlin<br \/>\nanl\u00e4sslich der Ausstellung <em>Goldrausch 7<\/em> im Martin Gropius Bau, Berlin<br \/>\n<strong>1991<\/strong><br \/>\n<em>Germination 6<\/em>, Ludwig Forum Aachen und Budapest<\/p>\n<p>&nbsp;<\/p>\n<p>&nbsp;<\/p>\n<p>2025<br \/>\n<em>Wenn die Decke einst\u00fcrzt<\/em>, Matthias Reichelt for the solo exhibition <em>aus den Fugen<\/em>, Junge Welt 18.11.2025<br \/>\n<strong>2023<\/strong><br \/>\nCatalog for the exhibition <em>Worin unsere St\u00e4rke besteht. F\u00fcnfzig K\u00fcnstlerinnen aus der DDR<\/em>,<br \/>\nKunstraum Kreuzberg\/Bethanien Berlin, ISBN 978-3-95476-566-9, DISTANZ Verlag<br \/>\n<strong>2022<\/strong><br \/>\n<em>Bewegungen ohne Beru\u0308hrung<\/em>, Felicia Raeth, Rheinische Post 30th august 2022<br \/>\n<em>Wandernde Skulptur ueberrascht Passanten,<\/em> Markus Sch\u00f6nherr, Borkener Zeitung 7th august 2022<br \/>\n<em>kunststadt stadtkunst Nr.69<\/em>,<br \/>\nkulturwerk des berufsverbandes bildender ku\u0308nstler*innen berlin GmbH, Cover;<br \/>\n<em>2052\u2013Art on the Climate Catastrophe<\/em>, Exhibition catalog Kunstverein am Rosa-Luxemburg-Platz, Berlin and Avtonomi Akadimia, Athen, 2022, curated by Raimar Stange, Exhibition project in cooperation with L40 \u2013 Verein zur F\u00f6rderung von Kunst und Kultur am Rosa-Luxemburg-Platz e.V., Berlin<br \/>\n<strong>2018<\/strong><br \/>\n<em>PLAN 2\\5 im Raster f\u00fcr eine bessere Zukunft \\?<\/em>,<br \/>\nENDMOR\u00c4NE K\u00fcnstlerinnen aus Brandenburg und Berlin e.V., p.21<br \/>\n<em>The middle in nowhere<\/em>, AG Art in the underground, <a href=\"https:\/\/www.ngbk.de\/de\/programm\/kunst-im-untergrund-1958-2018\" target=\"_blank\" rel=\"noopener noreferrer\">nGbK<\/a>, Berlin, p.128-133,<br \/>\nISBN 978-3-938515-73-0<br \/>\nCatalogue for the exhibition<em> Mess with Your Values.<\/em>, Marius Babias<br \/>\nand Michaela Richter, Berlin: Neuer Berliner Kunstverein,<br \/>\nK\u00f6ln: Buchhandlung Walther K\u00f6nig (n.b.k. Berlin, Bd. 10) p.16f, p.90-95,<br \/>\nISBN 978-3-96098-382-8<br \/>\n<strong>2017<\/strong> <em><br \/>\nIn der Blase-Zukunft der \u00d6ffentlichkeit<\/em>, polar 22, polarkreis e.V.,<br \/>\nText R. Stange, p.131-144<br \/>\nISBN 978-3-593-50731-6<br \/>\n<strong>2015<\/strong> <em><br \/>\nZwei Jubil\u00e4en. Ein Ort.<\/em>, Hallo Nachbar GESOBAU AG, p.18f.<br \/>\n<strong>2014<\/strong><br \/>\n<em>Von Dingen und Menschen<\/em>, Die Online-Zeitung aus dem Berliner Osten,<br \/>\nwww.lichtenbergmarzahnplus.de\/von-dingen-und-menschen\/, Kristina Niemann<br \/>\n<strong>2013<\/strong><br \/>\n<em>Bronx vs. Brooklyn<\/em>, for the exhibition of the square Richardplatz,<br \/>\nKunst- und Kulturfestival <em>48 Stunden Neuk\u00f6lln<\/em> 2012,<br \/>\nBirgit Anna Schuhmacher u. Eva AM Winnersbach, Berlin, p.8f.<br \/>\n<em>Tempor\u00e4re Kunstprojekte f\u00fcr die Helle Mitte<\/em>, Bezirksamt Marzahn-Hellersdorf Berlin, p.28<br \/>\n<strong>2012<\/strong><br \/>\n<em>Experimental Urban Landscapes<\/em>, Kulturnetzwerk Neuk\u00f6lln e.V., Berlin, p.6-9<br \/>\n<em>Kulturjournal Art in public spaces Berlin-Lichtenberg<\/em>, Bezirksamt Lichtenberg, p.54<br \/>\n<strong>2011<\/strong><br \/>\n<em>Colourless<\/em>, Kunstverein Alte Schule Baruth, ISBN 978-3-938092-05-7, p.16<br \/>\n<strong>2007<\/strong><br \/>\n<em>Pilot project Gropiusstadt<\/em>, Jahrbuch 06, Berlin, p.30-33<br \/>\n<strong>2006<\/strong><br \/>\n<em>Lowglanz<\/em>, K\u00fcnstlerschloss Pl\u00fcschow, p.10-15<br \/>\n<strong>2005<\/strong><br \/>\n<em>Sculptresses<\/em>, K\u00fcnstlergut Pr\u00f6sitz<br \/>\n<strong>2004<\/strong><br \/>\nDrawings for the <em>Sinne<\/em> L&amp;L yearbook, Verlag Friedrich, Berlin, p.45-51<br \/>\nIllustrations in the exhibition catalogue <em>Im Designerpark\u2013Leben in<br \/>\nthe k\u00fcnstlichen Welten<\/em>, Institut Mathildenh\u00f6he, Darmstadt<br \/>\n<strong>2003<\/strong><br \/>\n<em>backup\u2013festival. neue medien im film<\/em>, Weimar, p.34<br \/>\n<strong>2002<\/strong><br \/>\n<em>Kunstpreis junger westen skulptur 2001<\/em>, Kunsthalle Recklinghausen, p.24f.<br \/>\n<em>Die Banalit\u00e4t des B\u00f6sen<\/em>, Thomas David, art-Das Kunstmagaazin, 12\/2002<br \/>\n<strong>2001<\/strong><br \/>\nCatalogue for the exhibition <em>exmachina\u2013on the dissolution<br \/>\nof photography<\/em>, nGbK Berlin, p.26f.<br \/>\n<strong>1996<\/strong><br \/>\nCatalogue <em>Katrin Glanz<\/em>, Berlin, on the occasion of the <em>Goldrush 7<\/em><br \/>\nexhibition in the Martin Gropius Bau, Berlin<br \/>\n<strong>1991<\/strong><br \/>\n<em>Germination 6<\/em>, Ludwig Forum Aachen and Budapest<\/p>","protected":false},"excerpt":{"rendered":"2025\nWenn die Decke einst\u00fcrzt, Matthias Reichelt about aus den Fugen, Junge Welt 18.11.2025,\nNr. 268, page 11 \/ Feuilleton\n2023\nKatalog zur Ausstellung Worin unsere St\u00e4rke besteht. F\u00fcnfzig &hellip;","protected":false},"author":1,"featured_media":0,"parent":0,"menu_order":0,"comment_status":"closed","ping_status":"open","template":"","meta":[],"_links":{"self":[{"href":"https:\/\/www.katringlanz.de\/en\/wp-json\/wp\/v2\/pages\/1628"}],"collection":[{"href":"https:\/\/www.katringlanz.de\/en\/wp-json\/wp\/v2\/pages"}],"about":[{"href":"https:\/\/www.katringlanz.de\/en\/wp-json\/wp\/v2\/types\/page"}],"author":[{"embeddable":true,"href":"https:\/\/www.katringlanz.de\/en\/wp-json\/wp\/v2\/users\/1"}],"replies":[{"embeddable":true,"href":"https:\/\/www.katringlanz.de\/en\/wp-json\/wp\/v2\/comments?post=1628"}],"version-history":[{"count":139,"href":"https:\/\/www.katringlanz.de\/en\/wp-json\/wp\/v2\/pages\/1628\/revisions"}],"predecessor-version":[{"id":5490,"href":"https:\/\/www.katringlanz.de\/en\/wp-json\/wp\/v2\/pages\/1628\/revisions\/5490"}],"wp:attachment":[{"href":"https:\/\/www.katringlanz.de\/en\/wp-json\/wp\/v2\/media?parent=1628"}],"curies":[{"name":"wp","href":"https:\/\/api.w.org\/{rel}","templated":true}]}}