{"id":1620,"date":"2011-05-31T15:34:11","date_gmt":"2011-05-31T15:34:11","guid":{"rendered":"http:\/\/www.katringlanz.de\/wop\/?page_id=1620"},"modified":"2025-12-05T09:27:02","modified_gmt":"2025-12-05T09:27:02","slug":"biographie","status":"publish","type":"page","link":"https:\/\/www.katringlanz.de\/en\/biographie\/","title":{"rendered":"Biography"},"content":{"rendered":"<p>&nbsp;<\/p>\n<p><strong>Seit 2024<\/strong><br \/>\nMember of the expert commission for art in public space of the bbk Berlin<br \/>\n<strong>1992\u201393<\/strong><br \/>\nPhotography and film studies at the \u00c9cole Nationale Sup\u00e9rieure des Beaux-Arts Paris.<br \/>\nAwarded a grant by the Deutsch\u2013Franz\u00f6sisches\u2013Jugendwerk<br \/>\n<strong>1988\u201395<\/strong><br \/>\nStudied at the Kunsthochschule Berlin Wei\u00dfensee<br \/>\nGraduate sculptor\/fine artist, Master student<\/p>\n<p>&nbsp;<\/p>\n<p><strong>Grants | Prizes | Competitions<\/strong> (realised)<br \/>\n<strong>2022<\/strong><br \/>\n<em>Unerwartet<\/em>, Kunstwerkstatt Turmstra\u00dfe, Monheim am Rhein<br \/>\nWorking Grant <em>Neustart Kultur Bildende Kunst<\/em>, Stiftung Kunstfonds, Bonn<br \/>\n<strong>2021<\/strong><br \/>\nGrant for artistic research from the Berlin Senat, Department for Culture and Europe<br \/>\n<strong>2017<\/strong><br \/>\nArtist working grant from the Berlin Senat<br \/>\nImplementation of competition <em>Mitte in der Pampa &#8211; Kunst im Untergrund<\/em>, <a href=\"https:\/\/archiv.ngbk.de\/projekte\/kunst-im-untergrund-201617-mitte-der-pampa\/\" target=\"_blank\" rel=\"noopener noreferrer\">nGbK<\/a>, Berlin<br \/>\n<strong>2014-15<\/strong><br \/>\nImplementation of competition in connection with the 50th anniversary of the Berlin borough M\u00e4rkisches Viertel, in cooperation with Gust&amp;Gr\u00fcnhagen and GESOBAU AG<br \/>\n<strong>2011<\/strong><br \/>\nLichtenberg Studios, Berlin<br \/>\n<strong>2009<\/strong><br \/>\nImplementation of competition entry during <em>artist\u2018 World II<\/em>,<br \/>\nMACHmit! Museum, Berlin<br \/>\n<strong>2006<\/strong><br \/>\nPilot project Gropiusstadt, Berlin, residential grant<br \/>\n<strong>2005<\/strong><br \/>\nResidential grant, K\u00fcnstlerhaus Schloss Pl\u00fcschow, Mecklenburg<br \/>\n2nd prize, <em>shorts welcome<\/em>, Online Filmfest Munich<br \/>\n<strong>2004<\/strong><br \/>\nResidential grant, K\u00fcnstlergut Pr\u00f6sitz, Sachsen<br \/>\n<strong>2000<\/strong><br \/>\nGrant from the K\u00e4the Dorsch Stiftung, Berlin<br \/>\n<strong>1999<\/strong><br \/>\n1st prize, <em>KunstTraum\u2019 competition, Obersch\u00f6neweide<\/em>, Berlin<br \/>\n<strong>1998<\/strong><br \/>\nUSA, awarded a grant by DAAD<br \/>\n<strong>1997<\/strong><br \/>\nNaF\u00f6G, Postgraduate grant from the Senat f\u00fcr Wiss. u. Forschung, Berlin<br \/>\n<strong>1996<\/strong><br \/>\nResidential grant, K\u00fcnstlerhaus Ahrenshoop, Stiftung Kulturfonds<br \/>\n<strong>1995<\/strong><br \/>\n<a title=\"goldrausch\" href=\"http:\/\/www.goldrausch-kuenstlerinnen.de\" target=\"_blank\" rel=\"noopener noreferrer\"><em>Goldrausch<\/em><\/a>, project for female artists, Senatsf\u00f6rderung Berlin<\/p>\n<p>&nbsp;<\/p>\n<p><strong>Exhibitions | Actions | Festivals<\/strong><\/p>\n<p><strong>Solo Exhibitions<\/strong><br \/>\n<strong>2025<\/strong><br \/>\n<em>out of joint<\/em>, project space <em>Alte Feuerwache<\/em>, municipal gallery Berlin Friedrichshain\/Kreuzberg<br \/>\n<strong>2022<\/strong><br \/>\n<em>Unexpected<\/em>, participative Performance, Monheim am Rhein<br \/>\n<strong>2020<\/strong><br \/>\n<em>Market niche<\/em>, mp43-<em>projektraum f\u00fcr das periphere<\/em>, Berlin<br \/>\n<strong>2019<\/strong><br \/>\n<em>How to live in the year 2100?<\/em>, a Participatory Art Performance, 100 year Bauhaus anniversary celebrations, Bauhaus Werkst\u00e4tten, BRAND\u2013Verein f\u00fcr theatrale Feldforschung e.V., Berlin Gropiusstadt<br \/>\n<strong>2017<\/strong><br \/>\n<em>Hellersdorfer Tanzplatz<\/em>, a Participatory Art Performance, <em>Mitte in der Pampa &#8211; Kunst im Untergrund<\/em>, <a href=\"https:\/\/archiv.ngbk.de\/projekte\/kunst-im-untergrund-201617-mitte-der-pampa\/\" target=\"_blank\" rel=\"noopener noreferrer\">nGbK<\/a>, Berlin<br \/>\n<strong>2015<\/strong><br \/>\n<em>Locals from the M\u00e4rkisches Viertel are philosophizing. How should we live (together)?<\/em>,<br \/>\na Participatory Art Performance with Prof. Dr. Bertram Lomfeld, VIERTEL BOX, M\u00e4rkisches Viertel, Berlin<br \/>\n<strong>2014<\/strong><br \/>\n<em>Swap meet<\/em>, in cooperation with Sladjan Nedeljkovic, Galerie m, Berlin Marzahn<br \/>\n<em>Dead and buried &#8211; and grass grown over<\/em>, art performance, former Wall strip M\u00e4rkisches Viertel\/Pankow, Berlin<br \/>\n<em>QUARTER MIXER \u2013 Dance on the Lawn<\/em>, a Participatory Art Performance, &lt;M\u00e4rkisches Viertel, Berlin<br \/>\n<em>QARTER CAKE<\/em>, a Participatory Art Performance, VIERTEL BOX, M\u00e4rkisches Viertel, Berlin<br \/>\n<strong>2007<\/strong><br \/>\n<em>Glanz im Neuen<\/em> Problem, Neues Problem, Berlin<br \/>\n<strong>2006<\/strong><br \/>\n<em>Until the air bursts<\/em>, intervention during the Football World Cup Gropiusstadt district, Berlin<br \/>\n<strong>1999<\/strong><br \/>\n<em>HdL<\/em>, 4 vitrines in front of the former Haus des Lehrers at Alexanderplatz, Berlin<\/p>\n<p>&nbsp;<\/p>\n<p>&nbsp;<\/p>\n<p><strong>Group Exhibitions<\/strong><br \/>\n<strong>2025<\/strong><br \/>\nExhibition on the KaB competition for the new university building at FAU Erlangen (3rd place)<br \/>\nArt competition <em>Erweiterung des Bundesministeriums f\u00fcr Umwelt, Naturschutz, nukleare Sicherheit und Verbraucherschutz<\/em>, Berlin<br \/>\n<em>Alles vorbeivorbei<\/em> Studio im HOCHHAUS, Berlin<br \/>\nGES\u00c4GT, NICHT GEHOBELT. Borkheide, at the studio Lockemann\/Ufer as part of the <em>open studios Brandenburg<\/em><br \/>\n<strong>2024<\/strong><br \/>\nExhibition to the international competition <em>Freiheits- und Einheitsdenkmal Leipzig<\/em><br \/>\nPaulinum \u2013 Aula und Universit\u00e4tskirche St. Pauli and DenkmalWerkstatt Stiftung Friedliche Revolution at Hansahaus, Leipzig<br \/>\n<em>Alright\/wing?<\/em>, Neue Nachbarschaft Moabit Berlin and Academia autonomia, Athen<br \/>\n<em>RAUM<\/em>, Basement Berlin<br \/>\n<em>POP UP BORKHEIDE!<\/em>, Borkheide<br \/>\n<em>Alles VI<\/em>, Studio im HOCHHAUS, Berlin<br \/>\n<strong>2023<\/strong><br \/>\n<em>Der Wald und ICH<\/em>, Museum Parchim<br \/>\nArt competition <em>Neubau f\u00fcr das Bundesministerium der Finanzen auf dem Postblockareal Berlin<\/em> Kronprinzenpalais, Berlin<br \/>\nArt competition <em>Kunst am Bau f\u00fcr das Bauhaus-Archiv\/Museum f\u00fcr Gestaltung<\/em>, Berlin<br \/>\n<em>Alles V<\/em>, studio im HOCHHAUS, Berlin<br \/>\n<em>Schwitzen &#038; Frieren<\/em>, MACHmit!Museum, Berlin<br \/>\n<strong>2022<\/strong><br \/>\n<em>Worin unsere St\u00e4rke besteht<\/em> \u2013 F\u00fcnfzig K\u00fcnstlerinnen aus der DDR,<br \/>\nKunstraum Kreuzberg\/Bethanien, curated by Andrea Pichl<br \/>\n<em>Kiosk 1<\/em>, curated by Stefan Demming, AkA Borken<br \/>\n<em>ALLES IV<\/em>, studio im HOCHHAUS, Berlin<br \/>\n<em>2052\u2013Kunst zur Klimakatastrophe<\/em> curated by Raimar Stange,<br \/>\nKunstverein am Rosa-Luxemburg-Platz, Berlin<\/p>\n<p><strong>2021<\/strong><br \/>\nFestival <a href=\"https:\/\/kunstbruecke-am-wildenbruch.de\/de\/ausstellungen\/draussenstadt-ueber-wasser\" target=\"_blank\" rel=\"noopener noreferrer\"><em>\u00dcber Wasser<\/em><\/a> Kunstbr\u00fccke Wildenbruch, Berlin,<br \/>\ncurated by Dorothee Bienert, Yolanda Kaddu-Mulindwa, Daniela Nadwornicek<br \/>\n<strong>2020<\/strong><br \/>\n<em>Screening: Videoprogramm<\/em>, 30 Jahre Goldrausch K\u00fcnstlerinnenprojekt<br \/>\n<em>Zu Tisch<\/em>, <a href=\"https:\/\/www.voegelekultur.ch\/ausstellung\/zu-tisch\" target=\"_blank\" rel=\"noopener noreferrer\">V\u00f6gele Kultur Zentrum<\/a>, Pf\u00e4ffikon, Schweiz<br \/>\n<em>Uferhallen-Manifest<\/em>, Uferhallen Berlin, Wedding, curated by Isabelle Meiffert und Sarah Theilacker<br \/>\n<em>ALLES III<\/em>, <a href=\"http:\/\/studio-im-hochhaus.de\/de\/strartseite\/\" target=\"_blank\" rel=\"noopener noreferrer\">Studio im Hochhaus<\/a>, Berlin<br \/>\n<strong>2019<\/strong><br \/>\n<em>Werk Stoff Gropiusstadt-100 Jahre Bauhaus<\/em>, Gemeinschaftshaus, Berlin Gropiusstadt<br \/>\n<em>Auf dem Holzweg<\/em>, MACHmit! Museum, Berlin<br \/>\n<em>ALLES II<\/em>, <a href=\"http:\/\/studio-im-hochhaus.de\/de\/strartseite\/\" target=\"_blank\" rel=\"noopener noreferrer\">Studio im Hochhaus<\/a>, Berlin<br \/>\n<strong>2018<\/strong><br \/>\n<em>PLAN 2\\5 im Raster f\u00fcr eine bessere Zukunft\\?<\/em>, <a href=\"https:\/\/endmoraene.de\/\" target=\"_blank\" rel=\"noopener noreferrer\">Endmor\u00e4ne e.V.<\/a>, Eisenh\u00fcttenstadt<br \/>\n<em>Mess with Your Values<\/em>, <a href=\"http:\/\/www.nbk.org\/\" target=\"_blank\" rel=\"noopener noreferrer\">nbk<\/a>, Berlin<br \/>\n<em>ALLES<\/em>, <a href=\"http:\/\/studio-im-hochhaus.de\/de\/strartseite\/\" target=\"_blank\" rel=\"noopener noreferrer\">studio im HOCHHAUS<\/a>, Berlin<br \/>\n<strong>2017<\/strong><br \/>\n<em>Modulare Unterk\u00fcnfte f\u00fcr Fl\u00fcchtlinge<\/em>, invited competition, Berlin<br \/>\n<strong>2016<\/strong><br \/>\nExhibition of all 65 submissions to <em>The Middle of Nowhere<\/em>, station urbaner kulturen,<br \/>\nnGbK Berlin-Hellersdorf<br \/>\n<em>Full\/hungry<\/em> 48h Neuk\u00f6lln, Berlin<br \/>\n<strong>2015<\/strong><br \/>\n<em>How unpaid Artists save the World<\/em>, Donau- Ecke Ganghofer,<br \/>\ncurated by Stephanie Hanna, 48h Neuk\u00f6lln, Berlin<br \/>\n<strong>2014<\/strong><br \/>\n<em>Courage<\/em>, 48 h Neuk\u00f6lln, Berlin<br \/>\n<strong>2013<\/strong><br \/>\n<em>Heuriges 013<\/em>, ausstellungsraum.at, Wien<br \/>\n<em>The End&#8230;my only friend<\/em>, Neues Problem, Berlin<br \/>\n<em>Biotop-Utopia<\/em>, Ein Labor und Experimentierfeld auf dem Richardplatz<br \/>\nanl\u00e4sslich der 48h Neuk\u00f6lln <em>Perspektivwechsel<\/em>, Berlin<br \/>\n<strong>2012<\/strong><br \/>\n<em>Die wei\u00dfe Residenz<\/em> Artistic Photographs of Gropiusstadt 2002 \u2013 2012, Berlin<br \/>\ncurated by Anja Dau and Birgit Anna Schumacher<br \/>\n<em>Experimental Urban Landscapes<\/em> as part of the 50 Jahre Gropiusstadt<br \/>\nanniversary celebrations, curated by <a href=\"http:\/\/www.katharina-rohde.com\/\" rel=\"noopener\" target=\"_blank\">Katharina Rohde<\/a><br \/>\n<em>Bronx vs. Brooklyn<\/em>, Berlin Neuk\u00f6lln<br \/>\n<em>The Art of Intervention<\/em>, ratskeller Lichtenberg, Berlin<br \/>\n<strong>2011<\/strong><br \/>\n<em>Leistungsschau<\/em>, Kunsthalle Hamburger Platz, Berlin<br \/>\n<em>Colourless<\/em>, <a title=\"baruth\" href=\"http:\/\/www.alte-schule-baruth.de\/\" target=\"_blank\" rel=\"noopener noreferrer\">Alte Schule Baruth<\/a><br \/>\n<strong>2009<\/strong><br \/>\n<em>Artists\u2018 worlds I<\/em>, Implementation of competition entry<br \/>\nin the MachMit!Museum, Berlin<br \/>\n<em>Group exhibition<\/em>, Neues Problem, Berlin<br \/>\n<strong>2008<\/strong><br \/>\n<em>Fear is always with you<\/em>, Neues Problem, Berlin<br \/>\n<strong>2007<\/strong><br \/>\n<em>Opening the door to another future<\/em>,<br \/>\nNeues Problem<br \/>\n<strong>2006<\/strong><br \/>\n<em>Emergency Room<\/em>, Galerie Olaf St\u00fcber, Berlin<br \/>\n<em>Good luck<\/em>, Neues Problem, Berlin<br \/>\n<em>12 sculptresses<\/em>, Klosterkirche Grimma<br \/>\n<strong>2006<\/strong><br \/>\n<em>LowGlanz<\/em>, Museum Grevesm\u00fchlen, K\u00fcnstlerhaus Schloss Pl\u00fcschow<br \/>\n<em>Pilot project Gropiusstadt<\/em>, Berlin, action in urban space<br \/>\n<strong>2004<\/strong><br \/>\n<em>Shorts\u2013welcome<\/em>, Online Filmfest Munich<br \/>\n<strong>2003<\/strong><br \/>\n<em>Backup festival. new media in film<\/em>, Weimar<br \/>\n<em>Art and money<\/em>, Heart Gallery, Mannheim<br \/>\n<em>MKK-Zeichnen<\/em>, St\u00e4dtische Galerie Iserlohn<br \/>\n<strong>2002<\/strong><br \/>\n<em>Speed terrain of time<\/em>, exhibition for the Fotografie- u. Medienkunstpreis Wiesbaden<br \/>\n<em>Marienstrasse 54\u2013space clearing<\/em>, action in Hamburg Harburg with Stefan Hoffstadt<br \/>\n<strong>2001<\/strong><br \/>\n<em>Exmachina, on the dissolution of photography<\/em>, nGbK Berlin<br \/>\nand Galerie Sch\u00fcppenhauer, Cologne<br \/>\n<em>Kunstpreis junger westen skulptur 2001<\/em>, Kunsthalle Recklinghausen<br \/>\n<strong>2000<\/strong><br \/>\n<em>Lux-lumen<\/em>, Galerie Pankow, Berlin<br \/>\n<em>Local 01<\/em>, Galerie in the Alte Schule, Berlin<br \/>\n<strong>1998<\/strong><br \/>\n<em> Aldrin Unloads Experiments<\/em>, Bahnhof Westend, Berlin<br \/>\n<strong>1997<\/strong><br \/>\n<em>Shadows<\/em>, Galerie A&amp;O, Berlin<br \/>\n<strong>1996<\/strong><br \/>\n<em>Goldrush 7<\/em>, Martin Gropius Bau, Berlin<br \/>\n<strong>1995<\/strong><br \/>\n<em>Operative<\/em>, Akademie der K\u00fcnste, Berlin<br \/>\n<strong>1991<\/strong><br \/>\n<em>Germination 6<\/em>, Ludwig Forum in Aachen and in Budapest<\/p>\n<p>&nbsp;<br \/>\n&nbsp;<\/p>\n<p><strong>Teaching positions<\/strong><br \/>\n<strong>2021<\/strong><br \/>\nLectureship at the UdK &#8211; Berlin University of the Arts<br \/>\n<strong>2019\/20<\/strong><br \/>\nLectureship at the <a href=\"https:\/\/www.udk-berlin.de\/startseite\/\" target=\"_blank\" rel=\"noopener noreferrer\"> UdK &#8211; Berlin University of the Arts<\/a><br \/>\n<strong>2019<\/strong><br \/>\nLectureship at the <a href=\"https:\/\/www.udk-berlin.de\/startseite\/\" target=\"_blank\" rel=\"noopener noreferrer\"> UdK &#8211; Berlin University of the Arts<\/a><br \/>\n<strong>2017<\/strong><br \/>\nLectureship at the HTW &#8211; University of Applied Sciences, Berlin<br \/>\n<strong>since 2006<\/strong><br \/>\nLectureship at the <a href=\"http:\/\/www.btk-fh.de\/de\/\" target=\"_blank\" rel=\"noopener noreferrer\">University of Europe for Applied Siences<\/a>, Berlin<\/p>","protected":false},"excerpt":{"rendered":"&nbsp;\nSeit 2024\nMember of the expert commission for art in public space of the bbk Berlin\n1992\u201393\nPhotography and film studies at the \u00c9cole Nationale Sup\u00e9rieure des Beaux-Arts &hellip;","protected":false},"author":1,"featured_media":0,"parent":0,"menu_order":0,"comment_status":"closed","ping_status":"open","template":"","meta":[],"_links":{"self":[{"href":"https:\/\/www.katringlanz.de\/en\/wp-json\/wp\/v2\/pages\/1620"}],"collection":[{"href":"https:\/\/www.katringlanz.de\/en\/wp-json\/wp\/v2\/pages"}],"about":[{"href":"https:\/\/www.katringlanz.de\/en\/wp-json\/wp\/v2\/types\/page"}],"author":[{"embeddable":true,"href":"https:\/\/www.katringlanz.de\/en\/wp-json\/wp\/v2\/users\/1"}],"replies":[{"embeddable":true,"href":"https:\/\/www.katringlanz.de\/en\/wp-json\/wp\/v2\/comments?post=1620"}],"version-history":[{"count":314,"href":"https:\/\/www.katringlanz.de\/en\/wp-json\/wp\/v2\/pages\/1620\/revisions"}],"predecessor-version":[{"id":5478,"href":"https:\/\/www.katringlanz.de\/en\/wp-json\/wp\/v2\/pages\/1620\/revisions\/5478"}],"wp:attachment":[{"href":"https:\/\/www.katringlanz.de\/en\/wp-json\/wp\/v2\/media?parent=1620"}],"curies":[{"name":"wp","href":"https:\/\/api.w.org\/{rel}","templated":true}]}}