{"id":1620,"date":"2011-05-31T15:34:11","date_gmt":"2011-05-31T15:34:11","guid":{"rendered":"http:\/\/www.katringlanz.de\/wop\/?page_id=1620"},"modified":"2025-12-05T09:27:02","modified_gmt":"2025-12-05T09:27:02","slug":"biographie","status":"publish","type":"page","link":"https:\/\/www.katringlanz.de\/de\/biographie\/","title":{"rendered":"Biografie"},"content":{"rendered":"<p>&nbsp;<\/p>\n<p><strong>Seit 2024<\/strong><br \/>\nMitglied der Fachkommisssion f\u00fcr Kunst im \u00f6ffentlichen Raum des bbk Berlin<br \/>\n<strong>1992\u201393<\/strong><br \/>\n\u00c9cole Nationale Sup\u00e9rieure des Beaux\u2013Arts, Paris<br \/>\nFotografie und Film, Stipendium des Deutsch\u2013Franz\u00f6sischen\u2013Jugendwerkes<br \/>\n<strong>1988\u201395<\/strong><br \/>\nStudium der Bildhauerei\/Freien Kunst an der Kunsthochschule<br \/>\nBerlin Wei\u00dfensee, Diplom, Meistersch\u00fclerin<\/p>\n<p>&nbsp;<\/p>\n<p><strong>Stipendien | Preise | Wettbewerbe<\/strong> (realisiert)<br \/>\n<strong>2022<\/strong><br \/>\n<em>Unerwartet<\/em>, Kunstwerkstatt Turmstra\u00dfe, Monheim am Rhein<br \/>\nStipendium <em>Neustart Kultur<\/em> Bildende Kunst, Stiftung Kunstfonds, Bonn<br \/>\n<strong>2021<\/strong><br \/>\nRecherchestipendium Bildende Kunst, Senatsverwaltung f\u00fcr Kultur und Europa, Berlin<br \/>\n<strong>2017<\/strong><br \/>\nArbeitsstipendium Bildende Kunst, Senatsverwaltung f\u00fcr Kultur und Europa, Berlin<br \/>\nWettbewerbsrealisierung <em>Mitte in der Pampa &#8211; Kunst im Untergrund<\/em>, <a href=\"https:\/\/archiv.ngbk.de\/projekte\/kunst-im-untergrund-201617-mitte-der-pampa\/\" target=\"_blank\" rel=\"noopener noreferrer\">nGbK<\/a>, Berlin<br \/>\n<strong>2014-15<\/strong><br \/>\nWettbewerbsrealisierungen zum 50-j\u00e4hrigen Jubil\u00e4um des M\u00e4rkischen Viertels,<br \/>\nin Kooperation mit Gust&amp;Gr\u00fcnhagen und der GESOBAU AG, Berlin<br \/>\n<strong>2011<\/strong><br \/>\nResidenz Lichtenberg Studios, Berlin<br \/>\n<strong>2009<\/strong><br \/>\nWettbewerbsrealisierung <em>K\u00fcnstlerwelten II<\/em>, MACHmit! Museum, Berlin<br \/>\n<strong>2006<\/strong><br \/>\nPilotprojekt Gropiusstadt, Berlin<br \/>\n<strong>2005 <\/strong><br \/>\nResidenz K\u00fcnstlerhaus Schloss Pl\u00fcschow, Mecklenburg<br \/>\n2.Preis <em>shorts welcome<\/em>, Online Filmfest M\u00fcnchen<br \/>\n<strong>2004<\/strong><br \/>\nResidenz K\u00fcnstlergut Pr\u00f6sitz, Sachsen<br \/>\n<strong>2000<\/strong><br \/>\nStipendium der K\u00e4the Dorsch Stiftung, Berlin<br \/>\n<strong>1999<\/strong><br \/>\n1.Preis Wettbewerb <em>KunstTraum Obersch\u00f6neweide<\/em>, Berlin<br \/>\n<strong>1998<\/strong><br \/>\nDAAD Stipendienzuschuss USA Aufenthalt<br \/>\n<strong>1997<\/strong><br \/>\nNaF\u00f6G, Postgraduiertenstipendium des Senats f\u00fcr Wissenschaft u. Forschung, Berlin<br \/>\n<strong>1996<\/strong><br \/>\nResidenz K\u00fcnstlerhaus Ahrenshoop, Stiftung Kulturfonds<br \/>\n<strong>1995<\/strong><br \/>\n<a title=\"goldrausch\" href=\"http:\/\/www.goldrausch-kuenstlerinnen.de\" target=\"_blank\" rel=\"noopener noreferrer\"><em>Goldrausch<\/em><\/a>, K\u00fcnstlerinnenprojekt Senatsf\u00f6rderung Berlin<\/p>\n<p>&nbsp;<\/p>\n<p><strong>Ausstellungen | Aktionen | Festivals<\/strong><\/p>\n<p><strong>Einzelausstellungen<\/strong><br \/>\n<strong>2025<\/strong><br \/>\n<em>aus den Fugen<\/em>, Projektraum Alte Feuerwache, Kommunale Galerie Berlin Friedrichshain\/Kreuzberg<br \/>\n<strong>2022<\/strong><br \/>\n<em>Unerwartet<\/em>, partizipative Performance, Monheim am Rhein<br \/>\n<strong>2020<\/strong><br \/>\n<em>Marktl\u00fccke<\/em>, mp43-<em>projektraum f\u00fcr das periphere<\/em>, Berlin<br \/>\n<strong>2019<\/strong><br \/>\n<em>Wie leben und wohnen im Jahr 2100?<\/em>, Aktion anl\u00e4sslich des Jubil\u00e4ums 100 Jahre Bauhaus, im Rahmen der Bauhaus Werkst\u00e4tten, BRAND\u2013Verein f\u00fcr theatrale Feldforschung e.V., Berlin Gropiusstadt<br \/>\n<strong>2017<\/strong><br \/>\n<em>Hellersdorfer Tanzplatz<\/em>, Aktion zum Projekt <em>Mitte in der Pampa &#8211; Kunst im Untergrund<\/em>, <a href=\"https:\/\/archiv.ngbk.de\/projekte\/kunst-im-untergrund-201617-mitte-der-pampa\/\" target=\"_blank\" rel=\"noopener noreferrer\">nGbK<\/a>, Berlin<br \/>\n<strong>2015<\/strong><br \/>\n<em>M\u00e4rker philosophieren. Wie (zusammen) leben?<\/em>, eine partizipative Kunstaktion<br \/>\nmit Prof. Dr. Bertram Lomfeld, VIERTEL BOX im M\u00e4rkischen Viertel, Berlin<br \/>\n<strong>2014<\/strong><br \/>\n<em>Tauschboerse<\/em>, in Zusammenarbeit mit Sladjan Nedeljkovic, Galerie m, Berlin Marzahn<br \/>\n<em>Da ist Gras dr\u00fcber gewachsen<\/em>, Intervention anl\u00e4sslich des 25.Jahrestages des Mauerfalls<br \/>\nam ehemaligen Mauerstreifen M\u00e4rkisches Viertel\/Pankow, Berlin<br \/>\n<em>VIERTEL MIXER<\/em>, partizipative Kunstaktion im M\u00e4rkischen Viertel, Berlin<br \/>\n<em>VIERTEL TORTE<\/em>, partizipative Kunstaktion, VIERTEL BOX im M\u00e4rkischen Viertel, Berlin<br \/>\n<strong>2007<\/strong><br \/>\n<em>Glanz im Neuen Problem<\/em>, Neues Problem, Berlin<br \/>\n<strong>2006<\/strong><br \/>\n<em>Pilotprojekt Gropiusstadt<\/em>, Berlin, Aktion im Stadtraum<br \/>\n<strong>1999<\/strong><br \/>\n<em>HdL<\/em>, 4 Vitrinen vor dem ehem. Haus des Lehrers am Alexanderplatz, Berlin<\/p>\n<p>&nbsp;<\/p>\n<p>&nbsp;<\/p>\n<p><strong>Gruppenausstellungen<\/strong><br \/>\n<strong>2025<\/strong><br \/>\nAusstellung zum KaB Wettbewerb Universit\u00e4tsneubau FAU Erlangen (3.Platz)<br \/>\nWettbewerbsarbeiten <em>Erweiterung des Bundesministeriums f\u00fcr Umwelt, Naturschutz, nukleare Sicherheit und Verbraucherschutz<\/em>, Berlin<br \/>\n<em>Alles vorbeivorbei<\/em> Studio im HOCHHAUS, Berlin<br \/>\n<em>GES\u00c4GT, NICHT GEHOBELT.<\/em> Borkheide, im Atelier Lockemann\/Ufer im Rahmen der <em>offenen Ateliers Brandenburg<\/em><br \/>\n<strong>2024<\/strong><br \/>\nAusstellungen zum internationalen k\u00fcnstlerischen Wettbewerb <em>Freiheits- und Einheitsdenkmal Leipzig<\/em><br \/>\nPaulinum \u2013 Aula und Universit\u00e4tskirche St. Pauli und DenkmalWerkstatt der Stiftung Friedliche Revolution im Hansahaus, Leipzig<br \/>\n<em>Alright\/wing?<\/em>, Neue Nachbarschaft Moabit Berlin und Academia autonomia, Athen<br \/>\n<em>RAUM<\/em>, Basement Berlin<br \/>\n<em>POP UP BORKHEIDE!<\/em>, Borkheide<br \/>\n<em>Alles VI<\/em>, Studio im HOCHHAUS, Berlin<br \/>\n<strong>2023<\/strong><br \/>\n<em>Der Wald und Ich<\/em>, Museum der Stadt Parchim<br \/>\nWettbewerbsarbeiten <em>Neubau f\u00fcr das Bundesministerium der Finanzen auf dem Postblockareal Berlin<\/em> Kronprinzenpalais, Berlin<br \/>\nWettbewerbsarbeiten <em>Kunst am Bau f\u00fcr das Bauhaus-Archiv\/Museum f\u00fcr Gestaltung<\/em>, Berlin<br \/>\n<em>Alles V<\/em>, studio im HOCHHAUS, Berlin<br \/>\n<em>Schwitzen &#038; Frieren<\/em>, MACHmit!Museum, Berlin<br \/>\n<strong>2022<\/strong><br \/>\n<em>Worin unsere St\u00e4rke besteht<\/em> \u2013 F\u00fcnfzig K\u00fcnstlerinnen aus der DDR,<br \/>\nkuratiert von Andrea Pichl, Kunstraum Kreuzberg\/Bethanien,<br \/>\n<em>Kiosk 1<\/em>, kuratiert von Stefan Demming, AkA Borken<br \/>\n<em>ALLES IV<\/em>, studio im HOCHHAUS, Berlin<br \/>\n<em>2052\u2013Kunst zur Klimakatastrophe<\/em>, kuratiert von Raimar Stange,<br \/>\nKunstverein am Rosa-Luxemburg-Platz, Berlin<br \/>\n<strong>2021<\/strong><br \/>\nFestival <a href=\"https:\/\/kunstbruecke-am-wildenbruch.de\/de\/ausstellungen\/draussenstadt-ueber-wasser\" target=\"_blank\" rel=\"noopener noreferrer\"><em>\u00dcber Wasser<\/em><\/a> an der Kunstbr\u00fccke am Wildenbruch, Berlin,<br \/>\nkuratiert von Dorothee Bienert, Yolanda Kaddu-Mulindwa, Daniela Nadwornicek<br \/>\n<strong>2020<\/strong><br \/>\n<em>Screening: Videoprogramm<\/em>, 30 Jahre Goldrausch K\u00fcnstlerinnenprojekt<br \/>\n<em>Zu Tisch<\/em>, <a href=\"https:\/\/www.voegelekultur.ch\/ausstellung\/zu-tisch\" target=\"_blank\" rel=\"noopener noreferrer\">V\u00f6gele Kultur Zentrum<\/a>, Pf\u00e4ffikon, Schweiz<br \/>\n<em>Uferhallen-Manifest<\/em>, Uferhallen Berlin, Wedding, kuratiert von Isabelle Meiffert und Sarah Theilacker<br \/>\n<em>ALLES III<\/em>, <a href=\"http:\/\/studio-im-hochhaus.de\/de\/strartseite\/\" target=\"_blank\" rel=\"noopener noreferrer\">Studio im Hochhaus<\/a>, Berlin<br \/>\n<strong>2019<\/strong><br \/>\n<em>Werk Stoff Gropiusstadt-100 Jahre Bauhaus<\/em>, Gemeinschaftshaus, Berlin Gropiusstadt<br \/>\n<em>Auf dem Holzweg<\/em>, MACHmit! Museum, Berlin<br \/>\n<em>ALLES II<\/em>, <a href=\"http:\/\/studio-im-hochhaus.de\/de\/strartseite\/\" target=\"_blank\" rel=\"noopener noreferrer\">Studio im Hochhaus<\/a>, Berlin<br \/>\n<strong>2018<\/strong><br \/>\n<em>PLAN 2\\5 im Raster f\u00fcr eine bessere Zukunft\\?<\/em>, <a href=\"https:\/\/endmoraene.de\/\" target=\"_blank\" rel=\"noopener noreferrer\">Endmor\u00e4ne e.V.<\/a>, Eisenh\u00fcttenstadt<br \/>\n<em>Mess with Your Values<\/em>, <a href=\"http:\/\/www.nbk.org\/\" target=\"_blank\" rel=\"noopener noreferrer\">nbk<\/a>, Berlin<br \/>\n<em>ALLES<\/em>, studio im HOCHHAUS, Berlin<br \/>\n<strong>2017<\/strong><br \/>\n<em>Modulare Unterk\u00fcnfte f\u00fcr Fl\u00fcchtlinge<\/em>, Ausstellung der Entw\u00fcrfe zum zweiphasigen Wettbewerb, Berlin<br \/>\n<strong>2016<\/strong><br \/>\n<em>Mitte in der Pampa<\/em>, Ausstellung der internationalen Einreichungen zum offenen Kunstwettbewerb,<br \/>\nstation urbaner kulturen, nGbK Berlin-Hellersdorf<br \/>\n<em>Satt\/hungrig<\/em> Eine partizipative Kunstaktion zu den 48h Neuk\u00f6lln in Kooperation<br \/>\nmit Sladjan Nedeljkovic, Berlin<br \/>\n<strong>2015<\/strong> <em><br \/>\nWie unbezahlte K\u00fcnstlerInnen die Welt retten<\/em>, Donau- Ecke Ganghofer,<br \/>\nkuratiert von Stephanie Hanna, 48h Neuk\u00f6lln, Berlin<br \/>\n<strong>2014<\/strong><br \/>\n<em>Courage<\/em>, 48h Neuk\u00f6lln, Neuk\u00f6lln Arkaden, Berlin<br \/>\n<strong>2013<\/strong><br \/>\n<em>Heuriges 013<\/em>, ausstellungsraum.at, Wien<br \/>\n<em>The End&#8230;my only friend<\/em>, Neues Problem, Berlin<br \/>\n<em>Biotop-Utopia<\/em>, Ein Labor und Experimentierfeld auf dem Richardplatz<br \/>\nanl\u00e4sslich der 48h Neuk\u00f6lln <em>Perspektivwechsel<\/em>, Berlin<br \/>\n<strong>2012<\/strong><br \/>\n<em>Die wei\u00dfe Residenz<\/em> K\u00fcnstlerische Fotografien der Gropiusstadt 2002 \u2013 2012<br \/>\nkuratiert von Anja Dau und Birgit Anna Schumacher<br \/>\n<em>Experimentelle Urbane Landschaften<\/em> im Rahmen des Jubil\u00e4ums 50 Jahre Gropiusstadt,<br \/>\nkuratiert von <a href=\"http:\/\/www.katharina-rohde.com\/\" rel=\"noopener\" target=\"_blank\">Katharina Rohde<\/a>, Berlin<br \/>\n<em>Bronx vs. Brooklyn, ein Kunst- und Aktionscamp zu den Widerspr\u00fcchen<br \/>\nstadtr\u00e4umlicher Aufwertungsprozesse<\/em>, anl\u00e4sslich der 48h Neuk\u00f6lln, Berlin<br \/>\n<em>Die Kunst der Intervention<\/em>, ratskeller Lichtenberg, Berlin<br \/>\n<strong>2011<\/strong><br \/>\n<em>Leistungsschau<\/em>, Kunsthalle am Hamburger Platz, Berlin<br \/>\n<em>Farblos<\/em>, Kunst- und Kulturverein <a title=\"baruth\" href=\"http:\/\/www.alte-schule-baruth.de\/\" target=\"_blank\" rel=\"noopener noreferrer\">Alte Schule Baruth<\/a><br \/>\n<strong>2009<\/strong><br \/>\n<em>K\u00fcnstlerwelten II<\/em>, Wettbewerbsrealisierung im MACHmit! Museum, Berlin<br \/>\n<em>Gruppenausstellung<\/em>, Neues Problem, Berlin<br \/>\n<strong>2008<\/strong><br \/>\n<em>Die Angst reist immer mit<\/em>, Neues Problem, Berlin<br \/>\n<strong>2007<\/strong><br \/>\n<em>Die T\u00fcr f\u00fcr eine andere Zukunft aufmachen<\/em>, Neues Problem<br \/>\n<strong>2006<\/strong><br \/>\n<em>Emergency Room<\/em>, Galerie Olaf St\u00fcber, Berlin<br \/>\n<em>Gl\u00fcckAuf<\/em>, Neues Problem, Berlin<br \/>\n<em>12.Bildhauerinnen<\/em>, Klosterkirche Grimma<br \/>\n<em>LowGlanz<\/em>, Museum Grevesm\u00fchlen, K\u00fcnstlerhaus Schloss Pl\u00fcschow<br \/>\n<strong>2004<\/strong><br \/>\n<em>shorts welcome<\/em>, Online\u2013Filmfest M\u00fcnchen<br \/>\n<strong>2003<\/strong><br \/>\n<em>backup\u2013festival. neue medien im film<\/em>, Weimar<br \/>\n<em>Der sch\u00f6ne Schein\u2013Kunst und Geld<\/em>, Heart Gallery, Mannheim<br \/>\n<em>MKK\u2013Zeichnen<\/em>, St\u00e4dtische Galerie Iserlohn<br \/>\n<strong>2002<\/strong><br \/>\n<em>Geschwindigkeit\u2013Terrain der Zeit<\/em>, Ausstellung zum Fotografie- u.<br \/>\nMedienkunstpreis Wiesbaden<br \/>\n<strong>2002<\/strong><br \/>\n<em>Marienstrasse 54\u2013space clearing<\/em>, Aktion in Hamburg Harburg mit Stefan Hoffstadt<br \/>\n<strong>2001<\/strong><br \/>\n<em>ex machina, \u00fcber die Zersetzung der Fotografie<\/em>, nGbK Berlin<br \/>\nund Galerie Sch\u00fcppenhauer, K\u00f6ln<br \/>\n<em>Kunstpreis junger westen skulptur 2001<\/em>, Kunsthalle Recklinghausen<br \/>\n<strong>2000<\/strong><br \/>\n<em> lux\u2013lumen<\/em>, Galerie Pankow, Berlin<br \/>\n<em>local 01<\/em>, Galerie in der Alten Schule, Berlin<br \/>\n<strong>1998<\/strong><br \/>\n<em>Aldrin Unloads Experiments<\/em>, Bahnhof Westend, Berlin<br \/>\n<strong>1997<\/strong><br \/>\n<em>Schatten<\/em>, Galerie A&amp;O, Berlin<br \/>\n<strong>1996<\/strong><br \/>\n<em>Goldrausch 7<\/em>, Martin Gropius Bau, Berlin<br \/>\n<strong>1995<\/strong><br \/>\n<em>operativ<\/em>, Akademie der K\u00fcnste, Berlin<br \/>\n<strong>1991<\/strong><br \/>\n<em>Germination 6<\/em>, Ludwig Forum Aachen und in Budapest<\/p>\n<p>&nbsp;<\/p>\n<p>&nbsp;<\/p>\n<p><strong>Lehre<\/strong><br \/>\n<strong>2021<\/strong><br \/>\nLehrauftrag an der Universit\u00e4t der K\u00fcnste, Berlin<br \/>\n<strong>2019\/20<\/strong><br \/>\nLehrauftrag an der <a href=\"https:\/\/www.udk-berlin.de\/startseite\/\" target=\"_blank\" rel=\"noopener noreferrer\">Universit\u00e4t der K\u00fcnste<\/a>, Berlin<br \/>\n<strong>2019<\/strong><br \/>\nLehrauftrag an der <a href=\"https:\/\/www.udk-berlin.de\/startseite\/\" target=\"_blank\" rel=\"noopener noreferrer\">Universit\u00e4t der K\u00fcnste<\/a>, Berlin<br \/>\n<strong>2017<\/strong><br \/>\nLehrauftrag an der Hochschule f\u00fcr Technik und Wirtschaft, Berlin<br \/>\n<strong>seit 2006<\/strong><br \/>\nLehrauftr\u00e4ge an der <a href=\"http:\/\/www.btk-fh.de\/de\/\" target=\"_blank\" rel=\"noopener noreferrer\">University of Europe for Applied Siences<\/a>, Berlin<\/p>","protected":false},"excerpt":{"rendered":"&nbsp;\nSeit 2024\nMitglied der Fachkommisssion f\u00fcr Kunst im \u00f6ffentlichen Raum des bbk Berlin\n1992\u201393\n\u00c9cole Nationale Sup\u00e9rieure des Beaux\u2013Arts, Paris\nFotografie und Film, Stipendium des Deutsch\u2013Franz\u00f6sischen\u2013Jugendwerkes\n1988\u201395\nStudium der Bildhauerei\/Freien Kunst &hellip;","protected":false},"author":1,"featured_media":0,"parent":0,"menu_order":0,"comment_status":"closed","ping_status":"open","template":"","meta":[],"_links":{"self":[{"href":"https:\/\/www.katringlanz.de\/de\/wp-json\/wp\/v2\/pages\/1620"}],"collection":[{"href":"https:\/\/www.katringlanz.de\/de\/wp-json\/wp\/v2\/pages"}],"about":[{"href":"https:\/\/www.katringlanz.de\/de\/wp-json\/wp\/v2\/types\/page"}],"author":[{"embeddable":true,"href":"https:\/\/www.katringlanz.de\/de\/wp-json\/wp\/v2\/users\/1"}],"replies":[{"embeddable":true,"href":"https:\/\/www.katringlanz.de\/de\/wp-json\/wp\/v2\/comments?post=1620"}],"version-history":[{"count":314,"href":"https:\/\/www.katringlanz.de\/de\/wp-json\/wp\/v2\/pages\/1620\/revisions"}],"predecessor-version":[{"id":5478,"href":"https:\/\/www.katringlanz.de\/de\/wp-json\/wp\/v2\/pages\/1620\/revisions\/5478"}],"wp:attachment":[{"href":"https:\/\/www.katringlanz.de\/de\/wp-json\/wp\/v2\/media?parent=1620"}],"curies":[{"name":"wp","href":"https:\/\/api.w.org\/{rel}","templated":true}]}}